{"id":419,"date":"2019-02-20T21:07:14","date_gmt":"2019-02-20T21:07:14","guid":{"rendered":"http:\/\/2moodsmusic.com\/?page_id=419"},"modified":"2025-04-26T19:34:13","modified_gmt":"2025-04-26T19:34:13","slug":"home-2","status":"publish","type":"page","link":"https:\/\/2moodsmusic.com\/fr\/","title":{"rendered":"ACCUEIL"},"content":{"rendered":"<style>.kb-row-layout-id419_604f52-32 > .kt-row-column-wrap{align-content:center;}:where(.kb-row-layout-id419_604f52-32 > .kt-row-column-wrap) > .wp-block-kadence-column{justify-content:center;}.kb-row-layout-id419_604f52-32 > .kt-row-column-wrap{column-gap:var(--global-kb-gap-md, 2rem);row-gap:var(--global-kb-gap-none, 0rem );max-width:var( --global-content-width, 1290px );padding-left:var(--global-content-edge-padding);padding-right:var(--global-content-edge-padding);padding-top:var(--global-kb-spacing-sm, 1.5rem);padding-right:var(--global-kb-spacing-xxs, 0.5rem);padding-bottom:var(--global-kb-spacing-sm, 1.5rem);padding-left:var(--global-kb-spacing-sm, 1.5rem);grid-template-columns:minmax(0, 1fr);}.kb-row-layout-id419_604f52-32 > .kt-row-layout-overlay{opacity:0.45;background:linear-gradient(129deg,rgb(227,6,6) 50%,var(--global-palette2) 50%);mix-blend-mode:normal;}@media all and (max-width: 1024px){.kb-row-layout-id419_604f52-32 > .kt-row-column-wrap{grid-template-columns:minmax(0, 1fr);}}@media all and (max-width: 767px){.kb-row-layout-id419_604f52-32 > .kt-row-column-wrap{grid-template-columns:minmax(0, 1fr);}}<\/style><div class=\"kb-row-layout-wrap kb-row-layout-id419_604f52-32 alignnone kt-row-has-bg wp-block-kadence-rowlayout\"><div class=\"kt-blocks-carousel kb-blocks-bg-slider kt-carousel-container-dotstyle-none\"><div class=\"kt-blocks-carousel-init splide kb-blocks-bg-slider-init kt-carousel-arrowstyle-none kt-carousel-dotstyle-none\" data-slider-anim-speed=\"400\" data-slider-type=\"slider\" data-slider-scroll=\"1\" data-slider-arrows=\"false\" data-slider-fade=\"false\" data-slider-dots=\"false\" data-slider-hover-pause=\"false\" data-slider-auto=\"false\" data-slider-speed=\"7000\" data-show-pause-button=\"false\"><div class=\"splide__track\"><ul class=\"splide__list\"><li class=\"splide__slide kb-bg-slide-contain\"><div  class=\"kb-bg-slide kb-bg-slide-0\" style=\"background-image:url(http:\/\/2moodsmusic.com\/wp-content\/uploads\/2021\/05\/20210321_2Moods_5-scaled-e1745696010786.jpg); background-size:auto; background-position:center center; background-repeat:repeat;\"><\/div><\/li><\/ul><\/div><\/div><\/div><div class=\"kt-row-layout-overlay kt-row-overlay-gradient\"><\/div><div class=\"kt-row-column-wrap kt-has-1-columns kt-row-layout-equal kt-tab-layout-inherit kt-mobile-layout-row kt-row-valign-middle kb-theme-content-width\">\n<style>.kadence-column419_5f4610-31 > .kt-inside-inner-col,.kadence-column419_5f4610-31 > .kt-inside-inner-col:before{border-top-left-radius:0px;border-top-right-radius:0px;border-bottom-right-radius:0px;border-bottom-left-radius:0px;}.kadence-column419_5f4610-31 > .kt-inside-inner-col{column-gap:var(--global-kb-gap-sm, 1rem);}.kadence-column419_5f4610-31 > .kt-inside-inner-col{flex-direction:column;}.kadence-column419_5f4610-31 > .kt-inside-inner-col > .aligncenter{width:100%;}.kadence-column419_5f4610-31 > .kt-inside-inner-col{background-color:rgba(0, 0, 0, 0);}.kadence-column419_5f4610-31 > .kt-inside-inner-col:before{opacity:0.3;}.kadence-column419_5f4610-31, .kadence-column419_5f4610-31 h1, .kadence-column419_5f4610-31 h2, .kadence-column419_5f4610-31 h3, .kadence-column419_5f4610-31 h4, .kadence-column419_5f4610-31 h5, .kadence-column419_5f4610-31 h6{color:#000000;}.kadence-column419_5f4610-31{position:relative;}@media all and (max-width: 1024px){.kadence-column419_5f4610-31 > .kt-inside-inner-col{flex-direction:column;justify-content:center;}}@media all and (max-width: 767px){.kadence-column419_5f4610-31 > .kt-inside-inner-col{flex-direction:column;justify-content:center;}}<\/style>\n<article class=\"wp-block-kadence-column kadence-column419_5f4610-31\"><div class=\"kt-inside-inner-col\">\n<div class=\"wp-block-media-text alignwide has-media-on-the-right is-stacked-on-mobile is-vertically-aligned-center has-medium-font-size\" style=\"border-style:none;border-width:0px;border-radius:0px;margin-top:0;margin-bottom:0;padding-top:0;padding-right:var(--wp--preset--spacing--70);padding-bottom:0;padding-left:var(--wp--preset--spacing--70);grid-template-columns:auto 44%\"><div class=\"wp-block-media-text__content\">\n<h2 class=\"wp-block-heading has-theme-palette-3-color has-text-color has-link-color has--font-size wp-elements-7e917f74bdbf98ba179c6630df69ae67\" style=\"font-style:normal;font-weight:700;text-transform:uppercase\"><strong><strong><em>\u00c0 PROPOS DE 2MOODS<\/em><\/strong><\/strong><\/h2>\n\n\n<style>.wp-block-kadence-advancedheading.kt-adv-heading419_b4a38f-65, .wp-block-kadence-advancedheading.kt-adv-heading419_b4a38f-65[data-kb-block=\"kb-adv-heading419_b4a38f-65\"]{font-size:var(--global-kb-font-size-md, 1.25rem);font-weight:400;font-style:italic;font-family:Impact, Charcoal, sans-serif;}.wp-block-kadence-advancedheading.kt-adv-heading419_b4a38f-65 mark.kt-highlight, .wp-block-kadence-advancedheading.kt-adv-heading419_b4a38f-65[data-kb-block=\"kb-adv-heading419_b4a38f-65\"] mark.kt-highlight{font-style:normal;color:#f76a0c;-webkit-box-decoration-break:clone;box-decoration-break:clone;padding-top:0px;padding-right:0px;padding-bottom:0px;padding-left:0px;}.wp-block-kadence-advancedheading.kt-adv-heading419_b4a38f-65 img.kb-inline-image, .wp-block-kadence-advancedheading.kt-adv-heading419_b4a38f-65[data-kb-block=\"kb-adv-heading419_b4a38f-65\"] img.kb-inline-image{width:150px;vertical-align:baseline;}<\/style>\n<p class=\"kt-adv-heading419_b4a38f-65 wp-block-kadence-advancedheading has-theme-palette-3-color has-text-color\" data-kb-block=\"kb-adv-heading419_b4a38f-65\">2moods est une plateforme qui offre un moyen unique d'exprimer ses \u00e9motions \u00e0 travers la musique et l'art. Elle met en relation des personnes partageant des sentiments et des exp\u00e9riences similaires, leur permettant de partager leurs histoires et de s'inspirer mutuellement.<br><strong>2moods<\/strong> est un artiste congolais originaire de Kinshasa, connu pour son m\u00e9lange de sonorit\u00e9s hip-hop, rap et afro avec une profondeur po\u00e9tique et une \u00e9motion brute. Install\u00e9 au Canada depuis 2015, il a cr\u00e9\u00e9 une place unique sur la sc\u00e8ne musicale avec des paroles stimulantes et des paysages sonores qui transcendent les genres.<\/p>\n\n\n<style>.wp-block-kadence-advancedheading.kt-adv-heading419_bc5bea-d3, .wp-block-kadence-advancedheading.kt-adv-heading419_bc5bea-d3[data-kb-block=\"kb-adv-heading419_bc5bea-d3\"]{font-size:var(--global-kb-font-size-md, 1.25rem);font-weight:400;font-style:italic;font-family:Impact, Charcoal, sans-serif;}.wp-block-kadence-advancedheading.kt-adv-heading419_bc5bea-d3 mark.kt-highlight, .wp-block-kadence-advancedheading.kt-adv-heading419_bc5bea-d3[data-kb-block=\"kb-adv-heading419_bc5bea-d3\"] mark.kt-highlight{font-style:normal;color:#f76a0c;-webkit-box-decoration-break:clone;box-decoration-break:clone;padding-top:0px;padding-right:0px;padding-bottom:0px;padding-left:0px;}.wp-block-kadence-advancedheading.kt-adv-heading419_bc5bea-d3 img.kb-inline-image, .wp-block-kadence-advancedheading.kt-adv-heading419_bc5bea-d3[data-kb-block=\"kb-adv-heading419_bc5bea-d3\"] img.kb-inline-image{width:150px;vertical-align:baseline;}<\/style>\n<p class=\"kt-adv-heading419_bc5bea-d3 wp-block-kadence-advancedheading has-theme-palette-3-color has-text-color\" data-kb-block=\"kb-adv-heading419_bc5bea-d3\"><br>2moods a sorti son puissant single <strong>\u201cGospel\u201d<\/strong> le 3 mai 2024. Il se pr\u00e9pare maintenant \u00e0 sortir son premier album, <strong>Humanisme<\/strong>, in <strong>Mai 2025<\/strong>. Ce projet ambitieux explore l'identit\u00e9, la r\u00e9silience et la justice \u00e0 travers la narration et l'innovation sonore. Avant la sortie de l'album, il sortira <strong>\u201cPatriotique\u201d<\/strong> in <strong>F\u00e9vrier 2025<\/strong>, une collaboration historique avec la l\u00e9gende de la musique congolaise <strong>Jean Goubald<\/strong>.<\/p>\n\n\n<style>.wp-block-kadence-advancedheading.kt-adv-heading419_c8fe4f-d6, .wp-block-kadence-advancedheading.kt-adv-heading419_c8fe4f-d6[data-kb-block=\"kb-adv-heading419_c8fe4f-d6\"]{font-size:var(--global-kb-font-size-md, 1.25rem);font-weight:400;font-style:italic;font-family:Impact, Charcoal, sans-serif;writing-mode:horizontal-tb;text-orientation:mixed;}.wp-block-kadence-advancedheading.kt-adv-heading419_c8fe4f-d6 mark.kt-highlight, .wp-block-kadence-advancedheading.kt-adv-heading419_c8fe4f-d6[data-kb-block=\"kb-adv-heading419_c8fe4f-d6\"] mark.kt-highlight{font-style:normal;color:#f76a0c;-webkit-box-decoration-break:clone;box-decoration-break:clone;padding-top:0px;padding-right:0px;padding-bottom:0px;padding-left:0px;}.wp-block-kadence-advancedheading.kt-adv-heading419_c8fe4f-d6 img.kb-inline-image, .wp-block-kadence-advancedheading.kt-adv-heading419_c8fe4f-d6[data-kb-block=\"kb-adv-heading419_c8fe4f-d6\"] img.kb-inline-image{width:150px;vertical-align:baseline;}<\/style>\n<p class=\"kt-adv-heading419_c8fe4f-d6 wp-block-kadence-advancedheading has-theme-palette-3-color has-text-color\" data-kb-block=\"kb-adv-heading419_c8fe4f-d6\"><br>Il a partag\u00e9 la sc\u00e8ne avec des poids lourds, notamment en premi\u00e8re partie de <strong>Dadju en 2023<\/strong>, et cr\u00e9e une dynamique gr\u00e2ce \u00e0 la musique et \u00e0 la communaut\u00e9. En 2024, il s'est associ\u00e9 <strong>Fran\u00e7ais pour l\u2019Avenir<\/strong> pour d\u00e9fendre la repr\u00e9sentation francophone, et en 2025, il \u00e9tait artiste invit\u00e9 \u00e0 la <strong>conf\u00e9rence Men of Honor,<\/strong>renfor\u00e7ant ainsi son r\u00f4le de porte-parole culturel.<br>2moods a contribu\u00e9 \u00e0 la chanson th\u00e8me officielle de <strong>l'AfroMusic Fest d'Edmonton<\/strong>consolidant ainsi son r\u00f4le de lien culturel. Il inspire et valorise les voix francophones en fusionnant rap fran\u00e7ais et rythmes afro-racin\u00e9s dans un son \u00e0 la fois personnel et porteur d'une r\u00e9sonance internationale.<br><\/p>\n<\/div><figure class=\"wp-block-media-text__media\"><img data-recalc-dims=\"1\" loading=\"lazy\" decoding=\"async\" width=\"1290\" height=\"1126\" data-attachment-id=\"697\" data-permalink=\"https:\/\/2moodsmusic.com\/fr\/home-2\/img_7476\/\" data-orig-file=\"https:\/\/i0.wp.com\/2moodsmusic.com\/wp-content\/uploads\/2025\/04\/IMG_7476-scaled-e1744581982430.jpg?fit=1940%2C1694&amp;ssl=1\" data-orig-size=\"1940,1694\" data-comments-opened=\"0\" data-image-meta=\"{&quot;aperture&quot;:&quot;4.5&quot;,&quot;credit&quot;:&quot;&quot;,&quot;camera&quot;:&quot;Canon EOS Rebel T7i&quot;,&quot;caption&quot;:&quot;&quot;,&quot;created_timestamp&quot;:&quot;1742310650&quot;,&quot;copyright&quot;:&quot;&quot;,&quot;focal_length&quot;:&quot;90&quot;,&quot;iso&quot;:&quot;6400&quot;,&quot;shutter_speed&quot;:&quot;0.008&quot;,&quot;title&quot;:&quot;&quot;,&quot;orientation&quot;:&quot;1&quot;}\" data-image-title=\"IMG_7476\" data-image-description=\"\" data-image-caption=\"\" data-large-file=\"https:\/\/i0.wp.com\/2moodsmusic.com\/wp-content\/uploads\/2025\/04\/IMG_7476-scaled-e1744581982430.jpg?fit=1024%2C894&amp;ssl=1\" src=\"https:\/\/i0.wp.com\/2moodsmusic.com\/wp-content\/uploads\/2025\/04\/IMG_7476-scaled-e1744581982430.jpg?resize=1290%2C1126&#038;ssl=1\" alt=\"\" class=\"wp-image-697 size-full\" srcset=\"https:\/\/i0.wp.com\/2moodsmusic.com\/wp-content\/uploads\/2025\/04\/IMG_7476-scaled-e1744581982430.jpg?w=1940&amp;ssl=1 1940w, https:\/\/i0.wp.com\/2moodsmusic.com\/wp-content\/uploads\/2025\/04\/IMG_7476-scaled-e1744581982430.jpg?resize=300%2C262&amp;ssl=1 300w, https:\/\/i0.wp.com\/2moodsmusic.com\/wp-content\/uploads\/2025\/04\/IMG_7476-scaled-e1744581982430.jpg?resize=1024%2C894&amp;ssl=1 1024w, https:\/\/i0.wp.com\/2moodsmusic.com\/wp-content\/uploads\/2025\/04\/IMG_7476-scaled-e1744581982430.jpg?resize=768%2C671&amp;ssl=1 768w, https:\/\/i0.wp.com\/2moodsmusic.com\/wp-content\/uploads\/2025\/04\/IMG_7476-scaled-e1744581982430.jpg?resize=1536%2C1341&amp;ssl=1 1536w\" sizes=\"auto, (max-width: 1290px) 100vw, 1290px\" \/><\/figure><\/div>\n<\/div><\/article>\n\n<\/div><\/div>","protected":false},"excerpt":{"rendered":"<p>About 2moods 2moods is a platform that offers a unique way to express emotions through music and art. It connects people who share similar feelings and experiences, allowing them to share their stories and inspire each other.2moods is a Congolese-born artist from Kinshasa, known for blending Hip-Hop, Rap, and Afro sounds with poetic depth and&#8230;<\/p>","protected":false},"author":1,"featured_media":0,"parent":0,"menu_order":0,"comment_status":"closed","ping_status":"closed","template":"","meta":{"_kad_blocks_custom_css":"","_kad_blocks_head_custom_js":"","_kad_blocks_body_custom_js":"","_kad_blocks_footer_custom_js":"","_kadence_starter_templates_imported_post":false,"_kad_post_transparent":"enable","_kad_post_title":"default","_kad_post_layout":"normal","_kad_post_sidebar_id":"","_kad_post_content_style":"","_kad_post_vertical_padding":"show","_kad_post_feature":"show","_kad_post_feature_position":"default","_kad_post_header":false,"_kad_post_footer":false,"footnotes":""},"class_list":["post-419","page","type-page","status-publish","hentry"],"yoast_head":"<!-- This site is optimized with the Yoast SEO plugin v27.5 - https:\/\/yoast.com\/product\/yoast-seo-wordpress\/ -->\n<title>HOME - 2Moods<\/title>\n<meta name=\"robots\" content=\"index, follow, max-snippet:-1, max-image-preview:large, max-video-preview:-1\" \/>\n<link rel=\"canonical\" href=\"https:\/\/2moodsmusic.com\/fr\/\" \/>\n<meta property=\"og:locale\" content=\"fr_FR\" \/>\n<meta property=\"og:type\" content=\"article\" \/>\n<meta property=\"og:title\" content=\"HOME - 2Moods\" \/>\n<meta property=\"og:description\" content=\"About 2moods 2moods is a platform that offers a unique way to express emotions through music and art. It connects people who share similar feelings and experiences, allowing them to share their stories and inspire each other.2moods is a Congolese-born artist from Kinshasa, known for blending Hip-Hop, Rap, and Afro sounds with poetic depth and...\" \/>\n<meta property=\"og:url\" content=\"https:\/\/2moodsmusic.com\/fr\/\" \/>\n<meta property=\"og:site_name\" content=\"2Moods\" \/>\n<meta property=\"article:modified_time\" content=\"2025-04-26T19:34:13+00:00\" \/>\n<meta property=\"og:image\" content=\"https:\/\/2moodsmusic.com\/wp-content\/uploads\/2025\/04\/IMG_7476-scaled-e1744581982430.jpg\" \/>\n<meta name=\"twitter:card\" content=\"summary_large_image\" \/>\n<meta name=\"twitter:label1\" content=\"Dur\u00e9e de lecture estim\u00e9e\" \/>\n\t<meta name=\"twitter:data1\" content=\"2 minutes\" \/>\n<script type=\"application\/ld+json\" class=\"yoast-schema-graph\">{\"@context\":\"https:\\\/\\\/schema.org\",\"@graph\":[{\"@type\":\"WebPage\",\"@id\":\"https:\\\/\\\/2moodsmusic.com\\\/\",\"url\":\"https:\\\/\\\/2moodsmusic.com\\\/\",\"name\":\"HOME - 2Moods\",\"isPartOf\":{\"@id\":\"https:\\\/\\\/2moodsmusic.com\\\/#website\"},\"primaryImageOfPage\":{\"@id\":\"https:\\\/\\\/2moodsmusic.com\\\/#primaryimage\"},\"image\":{\"@id\":\"https:\\\/\\\/2moodsmusic.com\\\/#primaryimage\"},\"thumbnailUrl\":\"https:\\\/\\\/2moodsmusic.com\\\/wp-content\\\/uploads\\\/2025\\\/04\\\/IMG_7476-scaled-e1744581982430.jpg\",\"datePublished\":\"2019-02-20T21:07:14+00:00\",\"dateModified\":\"2025-04-26T19:34:13+00:00\",\"breadcrumb\":{\"@id\":\"https:\\\/\\\/2moodsmusic.com\\\/#breadcrumb\"},\"inLanguage\":\"fr-FR\",\"potentialAction\":[{\"@type\":\"ReadAction\",\"target\":[\"https:\\\/\\\/2moodsmusic.com\\\/\"]}]},{\"@type\":\"ImageObject\",\"inLanguage\":\"fr-FR\",\"@id\":\"https:\\\/\\\/2moodsmusic.com\\\/#primaryimage\",\"url\":\"https:\\\/\\\/2moodsmusic.com\\\/wp-content\\\/uploads\\\/2025\\\/04\\\/IMG_7476-scaled-e1744581982430.jpg\",\"contentUrl\":\"https:\\\/\\\/2moodsmusic.com\\\/wp-content\\\/uploads\\\/2025\\\/04\\\/IMG_7476-scaled-e1744581982430.jpg\"},{\"@type\":\"BreadcrumbList\",\"@id\":\"https:\\\/\\\/2moodsmusic.com\\\/#breadcrumb\",\"itemListElement\":[{\"@type\":\"ListItem\",\"position\":1,\"name\":\"Home\",\"item\":\"https:\\\/\\\/2moodsmusic.com\\\/\"},{\"@type\":\"ListItem\",\"position\":2,\"name\":\"HOME\"}]},{\"@type\":\"WebSite\",\"@id\":\"https:\\\/\\\/2moodsmusic.com\\\/#website\",\"url\":\"https:\\\/\\\/2moodsmusic.com\\\/\",\"name\":\"2Moods\",\"description\":\"Artist\\\/Rapper\\\/Performer\",\"publisher\":{\"@id\":\"https:\\\/\\\/2moodsmusic.com\\\/#organization\"},\"potentialAction\":[{\"@type\":\"SearchAction\",\"target\":{\"@type\":\"EntryPoint\",\"urlTemplate\":\"https:\\\/\\\/2moodsmusic.com\\\/?s={search_term_string}\"},\"query-input\":{\"@type\":\"PropertyValueSpecification\",\"valueRequired\":true,\"valueName\":\"search_term_string\"}}],\"inLanguage\":\"fr-FR\"},{\"@type\":\"Organization\",\"@id\":\"https:\\\/\\\/2moodsmusic.com\\\/#organization\",\"name\":\"2Moods\",\"url\":\"https:\\\/\\\/2moodsmusic.com\\\/\",\"logo\":{\"@type\":\"ImageObject\",\"inLanguage\":\"fr-FR\",\"@id\":\"https:\\\/\\\/2moodsmusic.com\\\/#\\\/schema\\\/logo\\\/image\\\/\",\"url\":\"https:\\\/\\\/i0.wp.com\\\/2moodsmusic.com\\\/wp-content\\\/uploads\\\/2025\\\/04\\\/cropped-cropped-2MOODS-Solo-Playlist-Cover-e1745280850604.png?fit=185%2C50&ssl=1\",\"contentUrl\":\"https:\\\/\\\/i0.wp.com\\\/2moodsmusic.com\\\/wp-content\\\/uploads\\\/2025\\\/04\\\/cropped-cropped-2MOODS-Solo-Playlist-Cover-e1745280850604.png?fit=185%2C50&ssl=1\",\"width\":185,\"height\":50,\"caption\":\"2Moods\"},\"image\":{\"@id\":\"https:\\\/\\\/2moodsmusic.com\\\/#\\\/schema\\\/logo\\\/image\\\/\"}}]}<\/script>\n<!-- \/ Yoast SEO plugin. -->","yoast_head_json":{"title":"HOME - 2Moods","robots":{"index":"index","follow":"follow","max-snippet":"max-snippet:-1","max-image-preview":"max-image-preview:large","max-video-preview":"max-video-preview:-1"},"canonical":"https:\/\/2moodsmusic.com\/fr\/","og_locale":"fr_FR","og_type":"article","og_title":"HOME - 2Moods","og_description":"About 2moods 2moods is a platform that offers a unique way to express emotions through music and art. It connects people who share similar feelings and experiences, allowing them to share their stories and inspire each other.2moods is a Congolese-born artist from Kinshasa, known for blending Hip-Hop, Rap, and Afro sounds with poetic depth and...","og_url":"https:\/\/2moodsmusic.com\/fr\/","og_site_name":"2Moods","article_modified_time":"2025-04-26T19:34:13+00:00","og_image":[{"url":"https:\/\/2moodsmusic.com\/wp-content\/uploads\/2025\/04\/IMG_7476-scaled-e1744581982430.jpg","type":"","width":"","height":""}],"twitter_card":"summary_large_image","twitter_misc":{"Dur\u00e9e de lecture estim\u00e9e":"2 minutes"},"schema":{"@context":"https:\/\/schema.org","@graph":[{"@type":"WebPage","@id":"https:\/\/2moodsmusic.com\/","url":"https:\/\/2moodsmusic.com\/","name":"HOME - 2Moods","isPartOf":{"@id":"https:\/\/2moodsmusic.com\/#website"},"primaryImageOfPage":{"@id":"https:\/\/2moodsmusic.com\/#primaryimage"},"image":{"@id":"https:\/\/2moodsmusic.com\/#primaryimage"},"thumbnailUrl":"https:\/\/2moodsmusic.com\/wp-content\/uploads\/2025\/04\/IMG_7476-scaled-e1744581982430.jpg","datePublished":"2019-02-20T21:07:14+00:00","dateModified":"2025-04-26T19:34:13+00:00","breadcrumb":{"@id":"https:\/\/2moodsmusic.com\/#breadcrumb"},"inLanguage":"fr-FR","potentialAction":[{"@type":"ReadAction","target":["https:\/\/2moodsmusic.com\/"]}]},{"@type":"ImageObject","inLanguage":"fr-FR","@id":"https:\/\/2moodsmusic.com\/#primaryimage","url":"https:\/\/2moodsmusic.com\/wp-content\/uploads\/2025\/04\/IMG_7476-scaled-e1744581982430.jpg","contentUrl":"https:\/\/2moodsmusic.com\/wp-content\/uploads\/2025\/04\/IMG_7476-scaled-e1744581982430.jpg"},{"@type":"BreadcrumbList","@id":"https:\/\/2moodsmusic.com\/#breadcrumb","itemListElement":[{"@type":"ListItem","position":1,"name":"Home","item":"https:\/\/2moodsmusic.com\/"},{"@type":"ListItem","position":2,"name":"HOME"}]},{"@type":"WebSite","@id":"https:\/\/2moodsmusic.com\/#website","url":"https:\/\/2moodsmusic.com\/","name":"2Moods","description":"Artist\/Rapper\/Performer","publisher":{"@id":"https:\/\/2moodsmusic.com\/#organization"},"potentialAction":[{"@type":"SearchAction","target":{"@type":"EntryPoint","urlTemplate":"https:\/\/2moodsmusic.com\/?s={search_term_string}"},"query-input":{"@type":"PropertyValueSpecification","valueRequired":true,"valueName":"search_term_string"}}],"inLanguage":"fr-FR"},{"@type":"Organization","@id":"https:\/\/2moodsmusic.com\/#organization","name":"2Moods","url":"https:\/\/2moodsmusic.com\/","logo":{"@type":"ImageObject","inLanguage":"fr-FR","@id":"https:\/\/2moodsmusic.com\/#\/schema\/logo\/image\/","url":"https:\/\/i0.wp.com\/2moodsmusic.com\/wp-content\/uploads\/2025\/04\/cropped-cropped-2MOODS-Solo-Playlist-Cover-e1745280850604.png?fit=185%2C50&ssl=1","contentUrl":"https:\/\/i0.wp.com\/2moodsmusic.com\/wp-content\/uploads\/2025\/04\/cropped-cropped-2MOODS-Solo-Playlist-Cover-e1745280850604.png?fit=185%2C50&ssl=1","width":185,"height":50,"caption":"2Moods"},"image":{"@id":"https:\/\/2moodsmusic.com\/#\/schema\/logo\/image\/"}}]}},"taxonomy_info":[],"featured_image_src_large":false,"author_info":{"display_name":"bill@grabbmedia.com","author_link":"https:\/\/2moodsmusic.com\/fr\/author\/billgrabbmedia-com\/"},"comment_info":0,"jetpack_sharing_enabled":true,"jetpack_shortlink":"https:\/\/wp.me\/PaKXKc-6L","jetpack-related-posts":[],"_links":{"self":[{"href":"https:\/\/2moodsmusic.com\/fr\/wp-json\/wp\/v2\/pages\/419","targetHints":{"allow":["GET"]}}],"collection":[{"href":"https:\/\/2moodsmusic.com\/fr\/wp-json\/wp\/v2\/pages"}],"about":[{"href":"https:\/\/2moodsmusic.com\/fr\/wp-json\/wp\/v2\/types\/page"}],"author":[{"embeddable":true,"href":"https:\/\/2moodsmusic.com\/fr\/wp-json\/wp\/v2\/users\/1"}],"replies":[{"embeddable":true,"href":"https:\/\/2moodsmusic.com\/fr\/wp-json\/wp\/v2\/comments?post=419"}],"version-history":[{"count":9,"href":"https:\/\/2moodsmusic.com\/fr\/wp-json\/wp\/v2\/pages\/419\/revisions"}],"predecessor-version":[{"id":903,"href":"https:\/\/2moodsmusic.com\/fr\/wp-json\/wp\/v2\/pages\/419\/revisions\/903"}],"wp:attachment":[{"href":"https:\/\/2moodsmusic.com\/fr\/wp-json\/wp\/v2\/media?parent=419"}],"curies":[{"name":"wp","href":"https:\/\/api.w.org\/{rel}","templated":true}]}}